{"id":102,"date":"2022-04-05T14:12:36","date_gmt":"2022-04-05T12:12:36","guid":{"rendered":"http:\/\/planete-telecoms-afrique.com\/?page_id=102"},"modified":"2022-07-18T21:10:01","modified_gmt":"2022-07-18T19:10:01","slug":"nos-services","status":"publish","type":"page","link":"https:\/\/planete-telecoms-afrique.com\/index.php\/nos-services\/","title":{"rendered":"Nos services"},"content":{"rendered":"\t\t<div data-elementor-type=\"wp-page\" data-elementor-id=\"102\" class=\"elementor elementor-102\">\n\t\t\t\t\t\t\t\t\t<section class=\"elementor-section elementor-top-section elementor-element elementor-element-4d13ba3 elementor-section-boxed elementor-section-height-default elementor-section-height-default\" data-id=\"4d13ba3\" data-element_type=\"section\">\n\t\t\t\t\t\t<div class=\"elementor-container elementor-column-gap-default\">\n\t\t\t\t\t<div class=\"elementor-column elementor-col-100 elementor-top-column elementor-element elementor-element-e24a581\" data-id=\"e24a581\" data-element_type=\"column\">\n\t\t\t<div class=\"elementor-widget-wrap elementor-element-populated\">\n\t\t\t\t\t\t\t\t<div class=\"elementor-element elementor-element-301c84c elementor-widget elementor-widget-heading\" data-id=\"301c84c\" data-element_type=\"widget\" data-widget_type=\"heading.default\">\n\t\t\t\t<div class=\"elementor-widget-container\">\n\t\t\t<style>\/*! elementor - v3.6.7 - 03-07-2022 *\/\n.elementor-heading-title{padding:0;margin:0;line-height:1}.elementor-widget-heading .elementor-heading-title[class*=elementor-size-]>a{color:inherit;font-size:inherit;line-height:inherit}.elementor-widget-heading .elementor-heading-title.elementor-size-small{font-size:15px}.elementor-widget-heading .elementor-heading-title.elementor-size-medium{font-size:19px}.elementor-widget-heading .elementor-heading-title.elementor-size-large{font-size:29px}.elementor-widget-heading .elementor-heading-title.elementor-size-xl{font-size:39px}.elementor-widget-heading .elementor-heading-title.elementor-size-xxl{font-size:59px}<\/style><h2 class=\"elementor-heading-title elementor-size-default\">Nos services<\/h2>\t\t<\/div>\n\t\t\t\t<\/div>\n\t\t\t\t\t<\/div>\n\t\t<\/div>\n\t\t\t\t\t\t\t<\/div>\n\t\t<\/section>\n\t\t\t\t<section class=\"elementor-section elementor-top-section elementor-element elementor-element-f9e4972 elementor-section-boxed elementor-section-height-default elementor-section-height-default\" data-id=\"f9e4972\" data-element_type=\"section\">\n\t\t\t\t\t\t<div class=\"elementor-container elementor-column-gap-default\">\n\t\t\t\t\t<div class=\"elementor-column elementor-col-100 elementor-top-column elementor-element elementor-element-1b66e57\" data-id=\"1b66e57\" data-element_type=\"column\">\n\t\t\t<div class=\"elementor-widget-wrap elementor-element-populated\">\n\t\t\t\t\t\t\t\t<div class=\"elementor-element elementor-element-7ec1c45 elementor-widget elementor-widget-heading\" data-id=\"7ec1c45\" data-element_type=\"widget\" data-widget_type=\"heading.default\">\n\t\t\t\t<div class=\"elementor-widget-container\">\n\t\t\t<h2 class=\"elementor-heading-title elementor-size-large\">La force de Plan\u00e8te T\u00e9l\u00e9coms Afrique :<\/h2>\t\t<\/div>\n\t\t\t\t<\/div>\n\t\t\t\t\t<\/div>\n\t\t<\/div>\n\t\t\t\t\t\t\t<\/div>\n\t\t<\/section>\n\t\t\t\t<section class=\"elementor-section elementor-top-section elementor-element elementor-element-623d8df elementor-section-boxed elementor-section-height-default elementor-section-height-default\" data-id=\"623d8df\" data-element_type=\"section\">\n\t\t\t\t\t\t<div class=\"elementor-container elementor-column-gap-default\">\n\t\t\t\t\t<div class=\"elementor-column elementor-col-100 elementor-top-column elementor-element elementor-element-d427194\" data-id=\"d427194\" data-element_type=\"column\">\n\t\t\t<div class=\"elementor-widget-wrap elementor-element-populated\">\n\t\t\t\t\t\t\t\t<div class=\"elementor-element elementor-element-380529e elementor-widget elementor-widget-text-editor\" data-id=\"380529e\" data-element_type=\"widget\" data-widget_type=\"text-editor.default\">\n\t\t\t\t<div class=\"elementor-widget-container\">\n\t\t\t<style>\/*! elementor - v3.6.7 - 03-07-2022 *\/\n.elementor-widget-text-editor.elementor-drop-cap-view-stacked .elementor-drop-cap{background-color:#818a91;color:#fff}.elementor-widget-text-editor.elementor-drop-cap-view-framed .elementor-drop-cap{color:#818a91;border:3px solid;background-color:transparent}.elementor-widget-text-editor:not(.elementor-drop-cap-view-default) .elementor-drop-cap{margin-top:8px}.elementor-widget-text-editor:not(.elementor-drop-cap-view-default) .elementor-drop-cap-letter{width:1em;height:1em}.elementor-widget-text-editor .elementor-drop-cap{float:left;text-align:center;line-height:1;font-size:50px}.elementor-widget-text-editor .elementor-drop-cap-letter{display:inline-block}<\/style>\t\t\t\t<p>Augmenter vos ventes n&rsquo;a jamais \u00e9t\u00e9 aussi facile. Nous travaillons avec vous pour fournir les bonnes solutions, commercialiser efficacement de nouveaux produits et capitaliser sur la derni\u00e8re technologie des industriels.<\/p>\t\t\t\t\t\t<\/div>\n\t\t\t\t<\/div>\n\t\t\t\t\t<\/div>\n\t\t<\/div>\n\t\t\t\t\t\t\t<\/div>\n\t\t<\/section>\n\t\t\t\t<section class=\"elementor-section elementor-top-section elementor-element elementor-element-e4e0731 elementor-section-boxed elementor-section-height-default elementor-section-height-default\" data-id=\"e4e0731\" data-element_type=\"section\">\n\t\t\t\t\t\t<div class=\"elementor-container elementor-column-gap-default\">\n\t\t\t\t\t<div class=\"elementor-column elementor-col-50 elementor-top-column elementor-element elementor-element-df01987\" data-id=\"df01987\" data-element_type=\"column\">\n\t\t\t<div class=\"elementor-widget-wrap elementor-element-populated\">\n\t\t\t\t\t\t\t\t<div class=\"elementor-element elementor-element-22be7bf elementor-widget__width-initial elementor-widget elementor-widget-image\" data-id=\"22be7bf\" data-element_type=\"widget\" data-widget_type=\"image.default\">\n\t\t\t\t<div class=\"elementor-widget-container\">\n\t\t\t<style>\/*! elementor - v3.6.7 - 03-07-2022 *\/\n.elementor-widget-image{text-align:center}.elementor-widget-image a{display:inline-block}.elementor-widget-image a img[src$=\".svg\"]{width:48px}.elementor-widget-image img{vertical-align:middle;display:inline-block}<\/style>\t\t\t\t\t\t\t\t\t\t\t\t<img loading=\"lazy\" decoding=\"async\" width=\"300\" height=\"300\" src=\"https:\/\/planete-telecoms-afrique.com\/wp-content\/uploads\/2022\/05\/Planete-telecoms-icon-client-300x300.webp\" class=\"attachment-medium size-medium\" alt=\"\" srcset=\"https:\/\/planete-telecoms-afrique.com\/wp-content\/uploads\/2022\/05\/Planete-telecoms-icon-client-300x300.webp 300w, https:\/\/planete-telecoms-afrique.com\/wp-content\/uploads\/2022\/05\/Planete-telecoms-icon-client-150x150.webp 150w, https:\/\/planete-telecoms-afrique.com\/wp-content\/uploads\/2022\/05\/Planete-telecoms-icon-client.webp 600w\" sizes=\"auto, (max-width: 300px) 100vw, 300px\" \/>\t\t\t\t\t\t\t\t\t\t\t\t\t\t\t<\/div>\n\t\t\t\t<\/div>\n\t\t\t\t<div class=\"elementor-element elementor-element-d48fb8f elementor-widget__width-initial elementor-widget elementor-widget-text-editor\" data-id=\"d48fb8f\" data-element_type=\"widget\" data-widget_type=\"text-editor.default\">\n\t\t\t\t<div class=\"elementor-widget-container\">\n\t\t\t\t\t\t\t<p><strong>Augmenter les ventes clients<\/strong><strong><br \/><\/strong>Augmenter vos ventes n&rsquo;a jamais \u00e9t\u00e9 aussi facile. Nous travaillons avec vous pour fournir les bonnes solutions, commercialiser efficacement de nouveaux produits et capitaliser sur la derni\u00e8re technologie des industriels.<\/p>\t\t\t\t\t\t<\/div>\n\t\t\t\t<\/div>\n\t\t\t\t\t<\/div>\n\t\t<\/div>\n\t\t\t\t<div class=\"elementor-column elementor-col-50 elementor-top-column elementor-element elementor-element-9bc838b\" data-id=\"9bc838b\" data-element_type=\"column\">\n\t\t\t<div class=\"elementor-widget-wrap elementor-element-populated\">\n\t\t\t\t\t\t\t\t<div class=\"elementor-element elementor-element-03da668 elementor-widget__width-initial elementor-widget elementor-widget-image\" data-id=\"03da668\" data-element_type=\"widget\" data-widget_type=\"image.default\">\n\t\t\t\t<div class=\"elementor-widget-container\">\n\t\t\t\t\t\t\t\t\t\t\t\t\t\t\t<img loading=\"lazy\" decoding=\"async\" width=\"768\" height=\"407\" src=\"https:\/\/planete-telecoms-afrique.com\/wp-content\/uploads\/2022\/05\/Planete-telecom-4-icon-768x407.webp\" class=\"attachment-medium_large size-medium_large\" alt=\"\" srcset=\"https:\/\/planete-telecoms-afrique.com\/wp-content\/uploads\/2022\/05\/Planete-telecom-4-icon-768x407.webp 768w, https:\/\/planete-telecoms-afrique.com\/wp-content\/uploads\/2022\/05\/Planete-telecom-4-icon-300x159.webp 300w, https:\/\/planete-telecoms-afrique.com\/wp-content\/uploads\/2022\/05\/Planete-telecom-4-icon-1024x542.webp 1024w, https:\/\/planete-telecoms-afrique.com\/wp-content\/uploads\/2022\/05\/Planete-telecom-4-icon.webp 1280w\" sizes=\"auto, (max-width: 768px) 100vw, 768px\" \/>\t\t\t\t\t\t\t\t\t\t\t\t\t\t\t<\/div>\n\t\t\t\t<\/div>\n\t\t\t\t<div class=\"elementor-element elementor-element-972f535 elementor-widget__width-initial elementor-widget elementor-widget-text-editor\" data-id=\"972f535\" data-element_type=\"widget\" data-widget_type=\"text-editor.default\">\n\t\t\t\t<div class=\"elementor-widget-container\">\n\t\t\t\t\t\t\t<p><strong>Am\u00e9liorer les marges b\u00e9n\u00e9ficiaires<\/strong><strong><br \/><\/strong>Am\u00e9liorer vos marges de fa\u00e7on rapide. Nous vous aidons \u00e0 r\u00e9duire votre assiette de co\u00fbts, \u00e0 vendre de nouvelles solutions et \u00e0 identifier les opportunit\u00e9s de ventes crois\u00e9es et de monter en gamme aupr\u00e8s de vos clients.<\/p>\t\t\t\t\t\t<\/div>\n\t\t\t\t<\/div>\n\t\t\t\t\t<\/div>\n\t\t<\/div>\n\t\t\t\t\t\t\t<\/div>\n\t\t<\/section>\n\t\t\t\t<section class=\"elementor-section elementor-top-section elementor-element elementor-element-b82a99a elementor-section-boxed elementor-section-height-default elementor-section-height-default\" data-id=\"b82a99a\" data-element_type=\"section\">\n\t\t\t\t\t\t<div class=\"elementor-container elementor-column-gap-default\">\n\t\t\t\t\t<div class=\"elementor-column elementor-col-50 elementor-top-column elementor-element elementor-element-06bc8ed\" data-id=\"06bc8ed\" data-element_type=\"column\">\n\t\t\t<div class=\"elementor-widget-wrap elementor-element-populated\">\n\t\t\t\t\t\t\t\t<div class=\"elementor-element elementor-element-7d4343c elementor-widget elementor-widget-image\" data-id=\"7d4343c\" data-element_type=\"widget\" data-widget_type=\"image.default\">\n\t\t\t\t<div class=\"elementor-widget-container\">\n\t\t\t\t\t\t\t\t\t\t\t\t\t\t\t<img loading=\"lazy\" decoding=\"async\" width=\"300\" height=\"266\" src=\"https:\/\/planete-telecoms-afrique.com\/wp-content\/uploads\/2022\/05\/lanete-telecoms-5-icon-300x266.png\" class=\"attachment-medium size-medium\" alt=\"\" srcset=\"https:\/\/planete-telecoms-afrique.com\/wp-content\/uploads\/2022\/05\/lanete-telecoms-5-icon-300x266.png 300w, https:\/\/planete-telecoms-afrique.com\/wp-content\/uploads\/2022\/05\/lanete-telecoms-5-icon.png 534w\" sizes=\"auto, (max-width: 300px) 100vw, 300px\" \/>\t\t\t\t\t\t\t\t\t\t\t\t\t\t\t<\/div>\n\t\t\t\t<\/div>\n\t\t\t\t<div class=\"elementor-element elementor-element-0d7f7ea elementor-widget__width-initial elementor-widget elementor-widget-text-editor\" data-id=\"0d7f7ea\" data-element_type=\"widget\" data-widget_type=\"text-editor.default\">\n\t\t\t\t<div class=\"elementor-widget-container\">\n\t\t\t\t\t\t\t<p><strong>R\u00e9duisez vos co\u00fbts<\/strong><strong><br \/><\/strong>Nous aidons votre entreprise \u00e0 atteindre une croissance efficiente. Travailler en partenariat avec Plan\u00e8te T\u00e9l\u00e9coms Afrique signifie que vous pouvez contr\u00f4ler vos frais g\u00e9n\u00e9raux et obtenir les meilleures conditions contractuelles gr\u00e2ce \u00e0 vos r\u00e8glements dans la zone cfa.<\/p>\t\t\t\t\t\t<\/div>\n\t\t\t\t<\/div>\n\t\t\t\t\t<\/div>\n\t\t<\/div>\n\t\t\t\t<div class=\"elementor-column elementor-col-50 elementor-top-column elementor-element elementor-element-c3f4e6f\" data-id=\"c3f4e6f\" data-element_type=\"column\">\n\t\t\t<div class=\"elementor-widget-wrap elementor-element-populated\">\n\t\t\t\t\t\t\t\t<div class=\"elementor-element elementor-element-8dea956 elementor-widget elementor-widget-image\" data-id=\"8dea956\" data-element_type=\"widget\" data-widget_type=\"image.default\">\n\t\t\t\t<div class=\"elementor-widget-container\">\n\t\t\t\t\t\t\t\t\t\t\t\t\t\t\t<img loading=\"lazy\" decoding=\"async\" width=\"473\" height=\"299\" src=\"https:\/\/planete-telecoms-afrique.com\/wp-content\/uploads\/2022\/05\/Planete-telecoms-1-Icon-.jpg\" class=\"attachment-medium_large size-medium_large\" alt=\"\" srcset=\"https:\/\/planete-telecoms-afrique.com\/wp-content\/uploads\/2022\/05\/Planete-telecoms-1-Icon-.jpg 473w, https:\/\/planete-telecoms-afrique.com\/wp-content\/uploads\/2022\/05\/Planete-telecoms-1-Icon--300x190.jpg 300w\" sizes=\"auto, (max-width: 473px) 100vw, 473px\" \/>\t\t\t\t\t\t\t\t\t\t\t\t\t\t\t<\/div>\n\t\t\t\t<\/div>\n\t\t\t\t<div class=\"elementor-element elementor-element-49f10dd elementor-widget__width-initial elementor-widget elementor-widget-text-editor\" data-id=\"49f10dd\" data-element_type=\"widget\" data-widget_type=\"text-editor.default\">\n\t\t\t\t<div class=\"elementor-widget-container\">\n\t\t\t\t\t\t\t<p><strong>Augmenter la satisfaction client<\/strong><strong><br \/><\/strong>La satisfaction de vos clients est notre priorit\u00e9. Nous vous aidons \u00e0 offrir une exp\u00e9rience de bout en bout qui fid\u00e9lise les clients, g\u00e9n\u00e8re des flux r\u00e9guliers et renforce le relationnel sur du long terme.<\/p>\t\t\t\t\t\t<\/div>\n\t\t\t\t<\/div>\n\t\t\t\t\t<\/div>\n\t\t<\/div>\n\t\t\t\t\t\t\t<\/div>\n\t\t<\/section>\n\t\t\t\t<section class=\"elementor-section elementor-top-section elementor-element elementor-element-d7c7112 elementor-section-stretched elementor-section-boxed elementor-section-height-default elementor-section-height-default\" data-id=\"d7c7112\" data-element_type=\"section\" data-settings=\"{&quot;stretch_section&quot;:&quot;section-stretched&quot;}\">\n\t\t\t\t\t\t<div class=\"elementor-container elementor-column-gap-default\">\n\t\t\t\t\t<div class=\"elementor-column elementor-col-25 elementor-top-column elementor-element elementor-element-34a18fa\" data-id=\"34a18fa\" data-element_type=\"column\" data-settings=\"{&quot;background_background&quot;:&quot;classic&quot;}\">\n\t\t\t<div class=\"elementor-widget-wrap elementor-element-populated\">\n\t\t\t\t\t\t\t\t<div class=\"elementor-element elementor-element-3a452fa elementor-view-default elementor-widget elementor-widget-icon\" data-id=\"3a452fa\" data-element_type=\"widget\" data-widget_type=\"icon.default\">\n\t\t\t\t<div class=\"elementor-widget-container\">\n\t\t\t\t\t<div class=\"elementor-icon-wrapper\">\n\t\t\t<div class=\"elementor-icon\">\n\t\t\t<i aria-hidden=\"true\" class=\"fas fa-globe-americas\"><\/i>\t\t\t<\/div>\n\t\t<\/div>\n\t\t\t\t<\/div>\n\t\t\t\t<\/div>\n\t\t\t\t<div class=\"elementor-element elementor-element-92498cf elementor-widget elementor-widget-text-editor\" data-id=\"92498cf\" data-element_type=\"widget\" data-widget_type=\"text-editor.default\">\n\t\t\t\t<div class=\"elementor-widget-container\">\n\t\t\t\t\t\t\t<h4>Eco-r\u00e9sponsable<\/h4>\t\t\t\t\t\t<\/div>\n\t\t\t\t<\/div>\n\t\t\t\t<div class=\"elementor-element elementor-element-bc0e935 elementor-widget elementor-widget-text-editor\" data-id=\"bc0e935\" data-element_type=\"widget\" data-widget_type=\"text-editor.default\">\n\t\t\t\t<div class=\"elementor-widget-container\">\n\t\t\t\t\t\t\t<ul><li>Augmenter votre marge de 20% \u00e0 80%.<\/li><li>Un listing de\u00a0<strong>10 000 r\u00e9f\u00e9rences<\/strong>\u00a0produits t\u00e9l\u00e9chargeable sur notre site.<\/li><li>Une hotline technique.<\/li><\/ul>\t\t\t\t\t\t<\/div>\n\t\t\t\t<\/div>\n\t\t\t\t\t<\/div>\n\t\t<\/div>\n\t\t\t\t<div class=\"elementor-column elementor-col-25 elementor-top-column elementor-element elementor-element-a4aeccf\" data-id=\"a4aeccf\" data-element_type=\"column\" data-settings=\"{&quot;background_background&quot;:&quot;classic&quot;}\">\n\t\t\t<div class=\"elementor-widget-wrap elementor-element-populated\">\n\t\t\t\t\t\t\t\t<div class=\"elementor-element elementor-element-57c6924 elementor-view-default elementor-widget elementor-widget-icon\" data-id=\"57c6924\" data-element_type=\"widget\" data-widget_type=\"icon.default\">\n\t\t\t\t<div class=\"elementor-widget-container\">\n\t\t\t\t\t<div class=\"elementor-icon-wrapper\">\n\t\t\t<div class=\"elementor-icon\">\n\t\t\t<i aria-hidden=\"true\" class=\"fas fa-check\"><\/i>\t\t\t<\/div>\n\t\t<\/div>\n\t\t\t\t<\/div>\n\t\t\t\t<\/div>\n\t\t\t\t<div class=\"elementor-element elementor-element-690dfe9 elementor-widget elementor-widget-text-editor\" data-id=\"690dfe9\" data-element_type=\"widget\" data-widget_type=\"text-editor.default\">\n\t\t\t\t<div class=\"elementor-widget-container\">\n\t\t\t\t\t\t\t<h4>Garantie 1 an<\/h4>\t\t\t\t\t\t<\/div>\n\t\t\t\t<\/div>\n\t\t\t\t<div class=\"elementor-element elementor-element-a4bba3f elementor-widget elementor-widget-text-editor\" data-id=\"a4bba3f\" data-element_type=\"widget\" data-widget_type=\"text-editor.default\">\n\t\t\t\t<div class=\"elementor-widget-container\">\n\t\t\t\t\t\t\t<ul><li>Une garantie sur le mat\u00e9riel d&rsquo;<strong>1 an<\/strong> pour les cartes et PABX.<\/li><li>Une garantie de <strong>6 mois<\/strong> pour les postes t\u00e9l\u00e9phoniques.<\/li><\/ul>\t\t\t\t\t\t<\/div>\n\t\t\t\t<\/div>\n\t\t\t\t\t<\/div>\n\t\t<\/div>\n\t\t\t\t<div class=\"elementor-column elementor-col-25 elementor-top-column elementor-element elementor-element-1464dee\" data-id=\"1464dee\" data-element_type=\"column\" data-settings=\"{&quot;background_background&quot;:&quot;classic&quot;}\">\n\t\t\t<div class=\"elementor-widget-wrap elementor-element-populated\">\n\t\t\t\t\t\t\t\t<div class=\"elementor-element elementor-element-104b2ed elementor-view-default elementor-widget elementor-widget-icon\" data-id=\"104b2ed\" data-element_type=\"widget\" data-widget_type=\"icon.default\">\n\t\t\t\t<div class=\"elementor-widget-container\">\n\t\t\t\t\t<div class=\"elementor-icon-wrapper\">\n\t\t\t<div class=\"elementor-icon\">\n\t\t\t<i aria-hidden=\"true\" class=\"fas fa-network-wired\"><\/i>\t\t\t<\/div>\n\t\t<\/div>\n\t\t\t\t<\/div>\n\t\t\t\t<\/div>\n\t\t\t\t<div class=\"elementor-element elementor-element-eb733c5 elementor-widget elementor-widget-text-editor\" data-id=\"eb733c5\" data-element_type=\"widget\" data-widget_type=\"text-editor.default\">\n\t\t\t\t<div class=\"elementor-widget-container\">\n\t\t\t\t\t\t\t<h4>R\u00e9seaux de partenaires<\/h4>\t\t\t\t\t\t<\/div>\n\t\t\t\t<\/div>\n\t\t\t\t<div class=\"elementor-element elementor-element-e789534 elementor-widget elementor-widget-text-editor\" data-id=\"e789534\" data-element_type=\"widget\" data-widget_type=\"text-editor.default\">\n\t\t\t\t<div class=\"elementor-widget-container\">\n\t\t\t\t\t\t\t<ul><li>D\u00e9panner votre client rapidement en changeant les cartes obsol\u00e8tes.<\/li><li>Une livraison rapide sur tout le continent Europe.<\/li><li>Des commerciaux sp\u00e9cialis\u00e9s selon les zones anglophones et francophones.<\/li><\/ul>\t\t\t\t\t\t<\/div>\n\t\t\t\t<\/div>\n\t\t\t\t\t<\/div>\n\t\t<\/div>\n\t\t\t\t<div class=\"elementor-column elementor-col-25 elementor-top-column elementor-element elementor-element-ec825e6\" data-id=\"ec825e6\" data-element_type=\"column\" data-settings=\"{&quot;background_background&quot;:&quot;classic&quot;}\">\n\t\t\t<div class=\"elementor-widget-wrap elementor-element-populated\">\n\t\t\t\t\t\t\t\t<div class=\"elementor-element elementor-element-57a70e9 elementor-view-default elementor-widget elementor-widget-icon\" data-id=\"57a70e9\" data-element_type=\"widget\" data-widget_type=\"icon.default\">\n\t\t\t\t<div class=\"elementor-widget-container\">\n\t\t\t\t\t<div class=\"elementor-icon-wrapper\">\n\t\t\t<div class=\"elementor-icon\">\n\t\t\t<i aria-hidden=\"true\" class=\"fas fa-phone-volume\"><\/i>\t\t\t<\/div>\n\t\t<\/div>\n\t\t\t\t<\/div>\n\t\t\t\t<\/div>\n\t\t\t\t<div class=\"elementor-element elementor-element-b000ef1 elementor-widget elementor-widget-text-editor\" data-id=\"b000ef1\" data-element_type=\"widget\" data-widget_type=\"text-editor.default\">\n\t\t\t\t<div class=\"elementor-widget-container\">\n\t\t\t\t\t\t\t<h4>+100 000 produits\u00a0<\/h4>\t\t\t\t\t\t<\/div>\n\t\t\t\t<\/div>\n\t\t\t\t<div class=\"elementor-element elementor-element-6c25c60 elementor-widget elementor-widget-text-editor\" data-id=\"6c25c60\" data-element_type=\"widget\" data-widget_type=\"text-editor.default\">\n\t\t\t\t<div class=\"elementor-widget-container\">\n\t\t\t\t\t\t\t<ul><li>Assurer une maintenance sur le mat\u00e9riel que vous vendez \u00e0 votre client\u00e8le.<\/li><li>Proposer une solution compl\u00e8te de derni\u00e8re g\u00e9n\u00e9ration \u00e0 votre client \u00e0 moindre co\u00fbt.<\/li><\/ul>\t\t\t\t\t\t<\/div>\n\t\t\t\t<\/div>\n\t\t\t\t\t<\/div>\n\t\t<\/div>\n\t\t\t\t\t\t\t<\/div>\n\t\t<\/section>\n\t\t\t\t\t\t\t<\/div>\n\t\t","protected":false},"excerpt":{"rendered":"<p>Nos services La force de Plan\u00e8te T\u00e9l\u00e9coms Afrique : Augmenter vos ventes n&rsquo;a jamais \u00e9t\u00e9 aussi facile. Nous travaillons avec vous pour fournir les bonnes solutions, commercialiser efficacement de nouveaux produits et capitaliser sur la derni\u00e8re technologie des industriels. Augmenter les ventes clientsAugmenter vos ventes n&rsquo;a jamais \u00e9t\u00e9 aussi facile. Nous travaillons avec vous pour &#8230; <a title=\"Nos services\" class=\"read-more\" href=\"https:\/\/planete-telecoms-afrique.com\/index.php\/nos-services\/\" aria-label=\"Plus sur Nos services\">Lire plus<\/a><\/p>\n","protected":false},"author":1,"featured_media":0,"parent":0,"menu_order":0,"comment_status":"closed","ping_status":"closed","template":"","meta":{"footnotes":""},"class_list":["post-102","page","type-page","status-publish"],"_links":{"self":[{"href":"https:\/\/planete-telecoms-afrique.com\/index.php\/wp-json\/wp\/v2\/pages\/102","targetHints":{"allow":["GET"]}}],"collection":[{"href":"https:\/\/planete-telecoms-afrique.com\/index.php\/wp-json\/wp\/v2\/pages"}],"about":[{"href":"https:\/\/planete-telecoms-afrique.com\/index.php\/wp-json\/wp\/v2\/types\/page"}],"author":[{"embeddable":true,"href":"https:\/\/planete-telecoms-afrique.com\/index.php\/wp-json\/wp\/v2\/users\/1"}],"replies":[{"embeddable":true,"href":"https:\/\/planete-telecoms-afrique.com\/index.php\/wp-json\/wp\/v2\/comments?post=102"}],"version-history":[{"count":115,"href":"https:\/\/planete-telecoms-afrique.com\/index.php\/wp-json\/wp\/v2\/pages\/102\/revisions"}],"predecessor-version":[{"id":1662,"href":"https:\/\/planete-telecoms-afrique.com\/index.php\/wp-json\/wp\/v2\/pages\/102\/revisions\/1662"}],"wp:attachment":[{"href":"https:\/\/planete-telecoms-afrique.com\/index.php\/wp-json\/wp\/v2\/media?parent=102"}],"curies":[{"name":"wp","href":"https:\/\/api.w.org\/{rel}","templated":true}]}}