{"id":3,"date":"2022-04-04T18:13:29","date_gmt":"2022-04-04T16:13:29","guid":{"rendered":"http:\/\/planete-telecoms-afrique.com\/?page_id=3"},"modified":"2022-07-13T21:04:19","modified_gmt":"2022-07-13T19:04:19","slug":"politique-de-confidentialite","status":"publish","type":"page","link":"https:\/\/planete-telecoms-afrique.com\/index.php\/politique-de-confidentialite\/","title":{"rendered":"Politique de confidentialit\u00e9"},"content":{"rendered":"\t\t<div data-elementor-type=\"wp-page\" data-elementor-id=\"3\" class=\"elementor elementor-3\">\n\t\t\t\t\t\t\t\t\t<section class=\"elementor-section elementor-top-section elementor-element elementor-element-77b2864 elementor-section-boxed elementor-section-height-default elementor-section-height-default\" data-id=\"77b2864\" data-element_type=\"section\">\n\t\t\t\t\t\t<div class=\"elementor-container elementor-column-gap-default\">\n\t\t\t\t\t<div class=\"elementor-column elementor-col-100 elementor-top-column elementor-element elementor-element-0762d55\" data-id=\"0762d55\" data-element_type=\"column\">\n\t\t\t<div class=\"elementor-widget-wrap elementor-element-populated\">\n\t\t\t\t\t\t\t\t<div class=\"elementor-element elementor-element-f22550e elementor-widget elementor-widget-heading\" data-id=\"f22550e\" data-element_type=\"widget\" data-widget_type=\"heading.default\">\n\t\t\t\t<div class=\"elementor-widget-container\">\n\t\t\t<style>\/*! elementor - v3.6.7 - 03-07-2022 *\/\n.elementor-heading-title{padding:0;margin:0;line-height:1}.elementor-widget-heading .elementor-heading-title[class*=elementor-size-]>a{color:inherit;font-size:inherit;line-height:inherit}.elementor-widget-heading .elementor-heading-title.elementor-size-small{font-size:15px}.elementor-widget-heading .elementor-heading-title.elementor-size-medium{font-size:19px}.elementor-widget-heading .elementor-heading-title.elementor-size-large{font-size:29px}.elementor-widget-heading .elementor-heading-title.elementor-size-xl{font-size:39px}.elementor-widget-heading .elementor-heading-title.elementor-size-xxl{font-size:59px}<\/style><h2 class=\"elementor-heading-title elementor-size-default\">Politique de confidentialit\u00e9<\/h2>\t\t<\/div>\n\t\t\t\t<\/div>\n\t\t\t\t\t<\/div>\n\t\t<\/div>\n\t\t\t\t\t\t\t<\/div>\n\t\t<\/section>\n\t\t\t\t<section class=\"elementor-section elementor-top-section elementor-element elementor-element-269ae8a5 elementor-section-boxed elementor-section-height-default elementor-section-height-default\" data-id=\"269ae8a5\" data-element_type=\"section\">\n\t\t\t\t\t\t<div class=\"elementor-container elementor-column-gap-default\">\n\t\t\t\t\t<div class=\"elementor-column elementor-col-100 elementor-top-column elementor-element elementor-element-4a356215\" data-id=\"4a356215\" data-element_type=\"column\">\n\t\t\t<div class=\"elementor-widget-wrap elementor-element-populated\">\n\t\t\t\t\t\t\t\t<div class=\"elementor-element elementor-element-f95854 elementor-widget elementor-widget-text-editor\" data-id=\"f95854\" data-element_type=\"widget\" data-widget_type=\"text-editor.default\">\n\t\t\t\t<div class=\"elementor-widget-container\">\n\t\t\t<style>\/*! elementor - v3.6.7 - 03-07-2022 *\/\n.elementor-widget-text-editor.elementor-drop-cap-view-stacked .elementor-drop-cap{background-color:#818a91;color:#fff}.elementor-widget-text-editor.elementor-drop-cap-view-framed .elementor-drop-cap{color:#818a91;border:3px solid;background-color:transparent}.elementor-widget-text-editor:not(.elementor-drop-cap-view-default) .elementor-drop-cap{margin-top:8px}.elementor-widget-text-editor:not(.elementor-drop-cap-view-default) .elementor-drop-cap-letter{width:1em;height:1em}.elementor-widget-text-editor .elementor-drop-cap{float:left;text-align:center;line-height:1;font-size:50px}.elementor-widget-text-editor .elementor-drop-cap-letter{display:inline-block}<\/style>\t\t\t\t<!-- wp:paragraph -->\n<p><strong>CONDITIONS G\u00c9N\u00c9RALES DE VENTE DE LA SOCI\u00c9T\u00c9 Plan\u00e8te T\u00e9l\u00e9coms-Afrique<\/strong><\/p>\n<!-- \/wp:paragraph -->\n\n<!-- wp:paragraph -->\n<p><strong>I . CHAMP D&rsquo;APPLICATION DES CONDITIONS G\u00c9N\u00c9RALES DE VENTE<\/strong><\/p>\n<!-- \/wp:paragraph -->\n\n<!-- wp:paragraph -->\n<p>&nbsp;Les pr\u00e9sentes conditions g\u00e9n\u00e9rales de vente s&rsquo;appliquent de plein droit \u00e0 toute vente des produits suivants :&nbsp;<\/p>\n<!-- \/wp:paragraph -->\n\n<!-- wp:paragraph -->\n<p>Vente de mat\u00e9riel t\u00e9l\u00e9com et r\u00e9seaux \u00ab Eco recycl\u00e9 \u00bb (poste t\u00e9l\u00e9phonique, carte \u00e9lectronique, pabx).<\/p>\n<!-- \/wp:paragraph -->\n\n<!-- wp:paragraph -->\n<p>Vente de mat\u00e9riel \u00ab neuf \u00bb produits t\u00e9l\u00e9coms et r\u00e9seaux, p\u00e9rit\u00e9l\u00e9phonie, c\u00e2blage.<\/p>\n<!-- \/wp:paragraph -->\n\n<!-- wp:paragraph -->\n<p>La vente est r\u00e9put\u00e9e conclue \u00e0 la date d&rsquo;acceptation de la commande par Plan\u00e8te-T\u00e9l\u00e9coms-Afrique.<\/p>\n<!-- \/wp:paragraph -->\n\n<!-- wp:paragraph -->\n<p>Pr\u00e9alablement \u00e0 cette date, les pr\u00e9sentes conditions de vente ont \u00e9t\u00e9 mises \u00e0 la disposition de l&rsquo;acheteur.&nbsp;<\/p>\n<!-- \/wp:paragraph -->\n\n<!-- wp:paragraph -->\n<p>PLANETE TELECOMS AFRIQUE, se plie aux r\u00e8gles du commerce international et notamment les incoterms, \u00e0 d\u00e9finir pour chaque commande et chaque pays.<\/p>\n<!-- \/wp:paragraph -->\n\n<!-- wp:paragraph -->\n<p>Toute commande implique l&rsquo;adh\u00e9sion sans r\u00e9serve aux pr\u00e9sentes conditions g\u00e9n\u00e9rales de vente qui pr\u00e9valent sur toutes autres conditions, \u00e0 l&rsquo;exception de celles qui ont \u00e9t\u00e9 accept\u00e9es express\u00e9ment par PLANETE TELECOMS AFRIQUE.<\/p>\n<!-- \/wp:paragraph -->\n\n<!-- wp:paragraph -->\n<p><strong>II. COMMANDE&nbsp;<\/strong><\/p>\n<!-- \/wp:paragraph -->\n\n<!-- wp:paragraph -->\n<p>Toute commande, pour \u00eatre prise en compte, doit \u00eatre pass\u00e9e par \u00e9crit et communiqu\u00e9e par courrier \u00e9lectronique \u00e0 la soci\u00e9t\u00e9 PLANETE-TELECOMS AFRIQUE \u00e0 cette adresse : contact@planete-telecoms-afrique.fr&nbsp;<\/p>\n<!-- \/wp:paragraph -->\n\n<!-- wp:paragraph -->\n<p>L&rsquo;acceptation de la commande par Plan\u00e8te-T\u00e9l\u00e9coms Afrique r\u00e9sulte de l&rsquo;\u00e9tablissement et l&rsquo;envoi de la facture.&nbsp;<\/p>\n<!-- \/wp:paragraph -->\n\n<!-- wp:paragraph -->\n<p>\u00c0 compter de cette date, toute commande est r\u00e9put\u00e9e ferme et d\u00e9finitive.&nbsp;<\/p>\n<!-- \/wp:paragraph -->\n\n<!-- wp:paragraph -->\n<p>Toutefois, en cas d\u2019erreur, omissions ou mentions incompl\u00e8tes dans le libell\u00e9 des coordonn\u00e9es du destinataire, la responsabilit\u00e9 de Plan\u00e8te-T\u00e9l\u00e9coms Afrique ne serait \u00eatre tenue responsable de l\u2019impossibilit\u00e9 d\u2019effectuer la livraison dans les d\u00e9lais.&nbsp;<\/p>\n<!-- \/wp:paragraph -->\n\n<!-- wp:paragraph -->\n<p>Tout arrangement ou clause sp\u00e9ciale de l\u2019acheteur non conforme \u00e0 ces conditions g\u00e9n\u00e9rales de vente n\u2019est obligatoire pour Plan\u00e8te-T\u00e9l\u00e9coms que s\u2019il l\u2019a accept\u00e9 par \u00e9crit.&nbsp;<\/p>\n<!-- \/wp:paragraph -->\n\n<!-- wp:paragraph -->\n<p>Tant que le paiement int\u00e9gral n&rsquo;est pas r\u00e9gl\u00e9, une clause de r\u00e9serve de propri\u00e9t\u00e9 est applicable par Plan\u00e8te-T\u00e9l\u00e9coms Afrique qui se r\u00e9serve dans ce cas le droit de reprendre le mat\u00e9riel.&nbsp;<\/p>\n<!-- \/wp:paragraph -->\n\n<!-- wp:paragraph -->\n<p>Une facture pro-forma a une validit\u00e9 de 10 jours. Toute commande non pay\u00e9e dans les 10 jours, annulera cette facture, et les produits seront remis dans le circuit de distribution.&nbsp;<\/p>\n<!-- \/wp:paragraph -->\n\n<!-- wp:paragraph -->\n<p>Toutes les commandes sont payables en CFA avant la livraison.<\/p>\n<!-- \/wp:paragraph -->\n\n<!-- wp:paragraph -->\n<p><strong>&nbsp;III. LIVRAISON&nbsp;<\/strong><\/p>\n<!-- \/wp:paragraph -->\n\n<!-- wp:paragraph -->\n<p>Une tarification sp\u00e9cifique sera propos\u00e9e par notre service commercial pour chaque commande et pour chaque pays et fera partie int\u00e9grante de la facture pro-forma.&nbsp;<\/p>\n<!-- \/wp:paragraph -->\n\n<!-- wp:paragraph -->\n<p>Sauf conditions particuli\u00e8res expresses propres \u00e0 la vente, la livraison s&rsquo;effectuera dans le pays principal de l\u2019acheteur dans le d\u00e9lai de [D\u00e9lai de livraison selon le mode de transport choisi par l\u2019acheteur, et selon son transitaire] jours \u00e0 compter de la r\u00e9ception par Plan\u00e8te-T\u00e9l\u00e9coms d&rsquo;une commande en bonne et due forme et de son paiement.&nbsp;<\/p>\n<!-- \/wp:paragraph -->\n\n<!-- wp:paragraph -->\n<p>Les produits sont livr\u00e9s \u00e0 l\u2019adresse de livraison que l\u2019acheteur aura indiqu\u00e9e au cours du processus de commande. Les risques du bien command\u00e9 sont support\u00e9s par l&rsquo;acheteur \u00e0 compter de ladite livraison.&nbsp;<\/p>\n<!-- \/wp:paragraph -->\n\n<!-- wp:paragraph -->\n<p>Le d\u00e9lai indiqu\u00e9 est en outre de plein droit suspendu par tout \u00e9v\u00e9nement ind\u00e9pendant du contr\u00f4le de Plan\u00e8te-T\u00e9l\u00e9coms Afrique et ayant pour cons\u00e9quence de retarder la livraison.&nbsp;<\/p>\n<!-- \/wp:paragraph -->\n\n<!-- wp:paragraph -->\n<p>En toute hypoth\u00e8se, la livraison dans le d\u00e9lai ne peut intervenir que si l&rsquo;acheteur est \u00e0 jour de toutes ses obligations \u00e0 l&rsquo;\u00e9gard de Plan\u00e8te-Telecom-Afrique.<\/p>\n<!-- \/wp:paragraph -->\n\n<!-- wp:paragraph -->\n<p>Les frais et les risques li\u00e9s \u00e0 l&rsquo;op\u00e9ration de livraison des produits sont \u00e0 la charge exclusive de l\u2019acheteur.&nbsp;<\/p>\n<!-- \/wp:paragraph -->\n\n<!-- wp:paragraph -->\n<p>\u00c0 compter de la livraison, les risques des produits sont transf\u00e9r\u00e9s \u00e0 l&rsquo;acheteur.&nbsp;<\/p>\n<!-- \/wp:paragraph -->\n\n<!-- wp:paragraph -->\n<p>Toute r\u00e9clamation concernant le nombre et l\u2019\u00e9tat des colis doit \u00eatre notifi\u00e9e au transporteur au moment de la livraison (voir bordereau de transport). La r\u00e9clamation doit \u00eatre adress\u00e9e par courrier en Accus\u00e9 de R\u00e9ception dans les 48 h suivant la r\u00e9ception du colis.&nbsp;<\/p>\n<!-- \/wp:paragraph -->\n\n<!-- wp:paragraph -->\n<p>Toute autre demande, \u00e9change ou remboursement doit s\u2019effectuer par voie postale \u00e0 l\u2019adresse suivante :&nbsp;<\/p>\n<!-- \/wp:paragraph -->\n\n<!-- wp:heading {\"level\":4} -->\n<h4>PLANETE-TELECOMS-AFRIQUE ,&nbsp;75 Cit\u00e9 Keur Gorgui, Dakar, S\u00e9n\u00e9gal.<\/h4>\n<!-- \/wp:heading -->\n\n<!-- wp:paragraph -->\n<p><strong>IV. R\u00c9CEPTION DES PRODUITS&nbsp;<\/strong><\/p>\n<!-- \/wp:paragraph -->\n\n<!-- wp:paragraph -->\n<p>L&rsquo;acheteur prendra r\u00e9ception des produits command\u00e9s directement avec son transitaire en s\u2019acquittant des frais de douane qui sont \u00e0 sa charge dans le d\u00e9lai de [D\u00e9lai de retirement] jours \u00e0 compter de la r\u00e9ception de l&rsquo;avis de mise \u00e0 disposition adress\u00e9 par Plan\u00e8te -T\u00e9l\u00e9coms ou son transitaire, d\u00e8s livraison des produits. Pour les livraisons en France, l&rsquo;acheteur prendra toutes ses dispositions pour v\u00e9rifier \u00e0 l&rsquo;arriv\u00e9e son contenu avant de valider son BL.<\/p>\n<!-- \/wp:paragraph -->\n\n<!-- wp:paragraph -->\n<p>Pass\u00e9 ce d\u00e9lai, Planete-Telecoms-Afrique pourra de plein droit r\u00e9soudre la vente, si bon lui semble, sans mise en demeure pr\u00e9alable.<\/p>\n<!-- \/wp:paragraph -->\n\n<!-- wp:paragraph -->\n<p>L&rsquo;acheteur assumera les frais et risques du transport des produits.&nbsp;<\/p>\n<!-- \/wp:paragraph -->\n\n<!-- wp:paragraph -->\n<p>L&rsquo;acheteur doit v\u00e9rifier \u00e0 la r\u00e9ception la conformit\u00e9 des produits livr\u00e9s aux produits command\u00e9s et l&rsquo;absence de vice apparent.&nbsp;<\/p>\n<!-- \/wp:paragraph -->\n\n<!-- wp:paragraph -->\n<p>Si aucune r\u00e9clamation ni r\u00e9serve n&rsquo;est formul\u00e9e \u00e0 ce titre par l&rsquo;Acheteur au jour de la r\u00e9ception des produits, lesdits produits ne pourront plus \u00eatre ni repris ni \u00e9chang\u00e9s, en application des dispositions.<\/p>\n<!-- \/wp:paragraph -->\n\n<!-- wp:paragraph -->\n<p>Les frais occasionn\u00e9s par la reprise et la livraison des nouveaux produits sont \u00e0 la charge exclusive de Plan\u00e8te-T\u00e9l\u00e9coms-Afrique.<\/p>\n<!-- \/wp:paragraph -->\n\n<!-- wp:paragraph -->\n<p><strong>V. PRIX&nbsp;<\/strong><\/p>\n<!-- \/wp:paragraph -->\n\n<!-- wp:paragraph -->\n<p>1 &#8211; Prix &#8211; Sauf conditions particuli\u00e8res expresses propres \u00e0 la vente, les prix des produits vendus sont ceux figurant sur chaque facture pro-forma prix au jour de la commande.&nbsp;<\/p>\n<!-- \/wp:paragraph -->\n\n<!-- wp:paragraph -->\n<p>Ces prix sont, \u00e0 cette date, fermes et d\u00e9finitifs. Ils sont exprim\u00e9s en monnaie l\u00e9gale et stipul\u00e9s hors taxes et TTC pour l\u2019export, frais de livraison inclus, emballage compris.<\/p>\n<!-- \/wp:paragraph -->\n\n<!-- wp:paragraph -->\n<p>2 &#8211; Modalit\u00e9s de paiement &#8211; Sauf autres modalit\u00e9s pr\u00e9vues express\u00e9ment par les conditions particuli\u00e8res, le prix de vente est payable, au comptant \u00e0 r\u00e9ception de la facture pro-forma.&nbsp;<\/p>\n<!-- \/wp:paragraph -->\n\n<!-- wp:paragraph -->\n<p>Par virement bancaire sur le compte de Planete Telecoms Afrique. La solution la plus habituelle, rapide et s\u00e9curisante est le virement bancaire ou virement Swift. C&rsquo;est un moyen de paiement peu co\u00fbteux.&nbsp;<\/p>\n<!-- \/wp:paragraph -->\n\n<!-- wp:paragraph -->\n<p>Un IBAN est fourni sur chaque facture.&nbsp;<\/p>\n<!-- \/wp:paragraph -->\n\n<!-- wp:paragraph -->\n<p>En aucun cas, les paiements qui sont dus \u00e0 Plan\u00e8te-T\u00e9l\u00e9coms Afrique ne peuvent \u00eatre suspendus ni faire l&rsquo;objet d&rsquo;une quelconque r\u00e9duction ou compensation sans accord \u00e9crit de la part de Plan\u00e8te-T\u00e9l\u00e9coms.&nbsp;<\/p>\n<!-- \/wp:paragraph -->\n\n<!-- wp:paragraph -->\n<p>A d\u00e9faut de paiement \u00e0 l&rsquo;\u00e9ch\u00e9ance, des p\u00e9nalit\u00e9s \u00e9gales \u00e0 trois fois le taux de l&rsquo;int\u00e9r\u00eat l\u00e9gal en vigueur \u00e0 la date de la commande seront appliqu\u00e9es \u00e0 compter du premier jour de retard.&nbsp;<\/p>\n<!-- \/wp:paragraph -->\n\n<!-- wp:paragraph -->\n<p>Ces p\u00e9nalit\u00e9s ne seront toutefois exigibles qu&rsquo;\u00e0 compter de la r\u00e9ception d&rsquo;une mise en demeure adress\u00e9e par lettre recommand\u00e9e avec accus\u00e9 de r\u00e9ception.&nbsp;<\/p>\n<!-- \/wp:paragraph -->\n\n<!-- wp:paragraph -->\n<p>Tout paiement qui est fait \u00e0 Plan\u00e8te-T\u00e9l\u00e9coms Afriques impute sur les sommes dues quelle que soit la cause, en commen\u00e7ant par celles dont l&rsquo;exigibilit\u00e9 est la plus ancienne.&nbsp;<\/p>\n<!-- \/wp:paragraph -->\n\n<!-- wp:paragraph -->\n<p>\u00c0 d\u00e9faut de tout paiement du prix \u00e0 son \u00e9ch\u00e9ance, Plan\u00e8te-T\u00e9l\u00e9coms Afrique pourra de plein droit r\u00e9soudre la vente, quinze jours apr\u00e8s une mise en demeure rest\u00e9e sans effet, sans pr\u00e9judice de tous dommages-int\u00e9r\u00eats susceptibles d&rsquo;\u00eatre demand\u00e9s par Plan\u00e8te-T\u00e9l\u00e9coms Afrique.<\/p>\n<!-- \/wp:paragraph -->\n\n<!-- wp:paragraph -->\n<p>3 &#8211; Facturation &#8211; Plan\u00e8te-T\u00e9l\u00e9coms Afrique \u00e9tablira, d\u00e8s r\u00e9ception de la commande, une facture pro-forma en double exemplaire, dont l&rsquo;un des exemplaires sera d\u00e9livr\u00e9 le jour m\u00eame \u00e0 l&rsquo;Acheteur. La facture mentionnera les indications vis\u00e9es \u00e0 l&rsquo;article.<\/p>\n<!-- \/wp:paragraph -->\n\n<!-- wp:paragraph -->\n<p><strong>VI. R\u00c9SERVE DE PROPRI\u00c9T\u00c9&nbsp;<\/strong><\/p>\n<!-- \/wp:paragraph -->\n\n<!-- wp:paragraph -->\n<p>Les produits sont vendus sous r\u00e9serve de propri\u00e9t\u00e9.&nbsp;<\/p>\n<!-- \/wp:paragraph -->\n\n<!-- wp:paragraph -->\n<p>Plan\u00e8te-T\u00e9l\u00e9coms Afrique conserve la propri\u00e9t\u00e9 des produits jusqu&rsquo;au paiement complet.&nbsp;<\/p>\n<!-- \/wp:paragraph -->\n\n<!-- wp:paragraph -->\n<p>En cas de d\u00e9faut de paiement \u00e0 son \u00e9ch\u00e9ance, Plan\u00e8te-T\u00e9l\u00e9coms Afrique pourra revendiquer les produits et r\u00e9soudre la vente, comme pr\u00e9cis\u00e9 ci-dessus.&nbsp;<\/p>\n<!-- \/wp:paragraph -->\n\n<!-- wp:paragraph -->\n<p>Les ch\u00e8ques et lettres de change ne sont consid\u00e9r\u00e9s comme des paiements qu&rsquo;\u00e0 compter de leur encaissement effectif. Jusqu&rsquo;\u00e0 cette date, la clause r\u00e9serve de propri\u00e9t\u00e9 conserve son plein droit. Ces dispositions ne font pas obstacle au transfert, d\u00e8s livraison, des risques des produits vendus.<\/p>\n<!-- \/wp:paragraph -->\n\n<!-- wp:paragraph -->\n<p><strong>VII. GARANTIE&nbsp;<\/strong><\/p>\n<!-- \/wp:paragraph -->\n\n<!-- wp:paragraph -->\n<p>Les produits vendus sont couverts par la garantie l\u00e9gale des vices cach\u00e9s, au sens du droit s\u00e9n\u00e9galais.<\/p>\n<!-- \/wp:paragraph -->\n\n<!-- wp:paragraph -->\n<p>Plan\u00e8te-T\u00e9l\u00e9coms Afrique offre une garantie sur le mat\u00e9riel Eco recycl\u00e9 :&nbsp;<\/p>\n<!-- \/wp:paragraph -->\n\n<!-- wp:paragraph -->\n<p>Pour les cartes et pabx 1 an \/ Pour les postes 6 mois.<\/p>\n<!-- \/wp:paragraph -->\n\n<!-- wp:paragraph -->\n<p>Pour le mat\u00e9riel neuf \/ garantie constructeur.<\/p>\n<!-- \/wp:paragraph -->\n\n<!-- wp:paragraph -->\n<p><strong>VIII. JURIDICTION COMP\u00c9TENTE&nbsp;<\/strong><\/p>\n<!-- \/wp:paragraph -->\n\n<!-- wp:paragraph -->\n<p>Le pr\u00e9sent contrat est soumis \u00e0 la loi S\u00e9n\u00e9galaise.&nbsp;<\/p>\n<!-- \/wp:paragraph -->\n\n<!-- wp:paragraph -->\n<p>La langue du pr\u00e9sent contrat est la langue fran\u00e7aise. Tous diff\u00e9rents relatifs \u00e0 l&rsquo;interpr\u00e9tation et \u00e0 l&rsquo;ex\u00e9cution de ventes de produits seront de la comp\u00e9tence exclusive du tribunal de commerce de Dakar S\u00e9n\u00e9gal.<\/p>\n<!-- \/wp:paragraph -->\n\n<!-- wp:paragraph -->\n<p><strong>IX. DROIT DE PROPRI\u00c9T\u00c9 INTELLECTUELLE&nbsp;<\/strong><\/p>\n<!-- \/wp:paragraph -->\n\n<!-- wp:paragraph -->\n<p>Le site PLANETE-TELECOMS-AFRIQUE.FR et tous ses \u00e9l\u00e9ments s\u2019y trouvant (marques, dessins, logos, mod\u00e8les, graphiques\u2026) ainsi que leur compilation et mises en forme sont la propri\u00e9t\u00e9 de la soci\u00e9t\u00e9 PLANETE-TELECOMS-AFRIQUE. L\u2019utilisateur s\u2019interdit en cons\u00e9quence de diffuser ou de reproduire le site, en tout ou partie, ou sous quelques formes que ce soit.&nbsp;<\/p>\n<!-- \/wp:paragraph -->\n\n<!-- wp:paragraph -->\n<p>La soci\u00e9t\u00e9 PLANETE-TELECOMS-AFRIQUE est propri\u00e9taire de la marque PLANETE-TELECOMS-AFRIQUE d\u00e9pos\u00e9e aupr\u00e8s de L\u2019INPI et se r\u00e9serve le droit de demander des dommages et int\u00e9r\u00eats et tout autre forme de recours en cas d\u2019atteinte, sous quelque forme que ce soit, \u00e0 ses droits de propri\u00e9t\u00e9 intellectuelle et industrielle.&nbsp;<\/p>\n<!-- \/wp:paragraph -->\n\n<!-- wp:paragraph -->\n<p><strong>X. INFORMATIQUE ET LIBERT\u00c9S&nbsp;<\/strong><\/p>\n<!-- \/wp:paragraph -->\n\n<!-- wp:paragraph -->\n<p>Conform\u00e9ment \u00e0 la loi N\u00b078\/17 du 6 Janvier 1978 relative \u00e0 l\u2019informatique, aux fichiers et aux libert\u00e9s, le client dispose d\u2019un droit d\u2019acc\u00e8s, de modification, de rectification et de suppression des donn\u00e9es le concernant. Pour exercer ce droit, le client pourra adresser un courrier postal au service client de la soci\u00e9t\u00e9 PLANETE-TELECOMS AFRIQUE&nbsp;&nbsp;\u00e0 Dakar.<\/p>\n<!-- \/wp:paragraph -->\t\t\t\t\t\t<\/div>\n\t\t\t\t<\/div>\n\t\t\t\t\t<\/div>\n\t\t<\/div>\n\t\t\t\t\t\t\t<\/div>\n\t\t<\/section>\n\t\t\t\t\t\t\t<\/div>\n\t\t","protected":false},"excerpt":{"rendered":"<p>Politique de confidentialit\u00e9 CONDITIONS G\u00c9N\u00c9RALES DE VENTE DE LA SOCI\u00c9T\u00c9 Plan\u00e8te T\u00e9l\u00e9coms-Afrique I . CHAMP D&rsquo;APPLICATION DES CONDITIONS G\u00c9N\u00c9RALES DE VENTE &nbsp;Les pr\u00e9sentes conditions g\u00e9n\u00e9rales de vente s&rsquo;appliquent de plein droit \u00e0 toute vente des produits suivants :&nbsp; Vente de mat\u00e9riel t\u00e9l\u00e9com et r\u00e9seaux \u00ab Eco recycl\u00e9 \u00bb (poste t\u00e9l\u00e9phonique, carte \u00e9lectronique, pabx). Vente de &#8230; <a title=\"Politique de confidentialit\u00e9\" class=\"read-more\" href=\"https:\/\/planete-telecoms-afrique.com\/index.php\/politique-de-confidentialite\/\" aria-label=\"Plus sur Politique de confidentialit\u00e9\">Lire plus<\/a><\/p>\n","protected":false},"author":1,"featured_media":0,"parent":0,"menu_order":0,"comment_status":"closed","ping_status":"open","template":"","meta":{"footnotes":""},"class_list":["post-3","page","type-page","status-publish"],"_links":{"self":[{"href":"https:\/\/planete-telecoms-afrique.com\/index.php\/wp-json\/wp\/v2\/pages\/3","targetHints":{"allow":["GET"]}}],"collection":[{"href":"https:\/\/planete-telecoms-afrique.com\/index.php\/wp-json\/wp\/v2\/pages"}],"about":[{"href":"https:\/\/planete-telecoms-afrique.com\/index.php\/wp-json\/wp\/v2\/types\/page"}],"author":[{"embeddable":true,"href":"https:\/\/planete-telecoms-afrique.com\/index.php\/wp-json\/wp\/v2\/users\/1"}],"replies":[{"embeddable":true,"href":"https:\/\/planete-telecoms-afrique.com\/index.php\/wp-json\/wp\/v2\/comments?post=3"}],"version-history":[{"count":10,"href":"https:\/\/planete-telecoms-afrique.com\/index.php\/wp-json\/wp\/v2\/pages\/3\/revisions"}],"predecessor-version":[{"id":1569,"href":"https:\/\/planete-telecoms-afrique.com\/index.php\/wp-json\/wp\/v2\/pages\/3\/revisions\/1569"}],"wp:attachment":[{"href":"https:\/\/planete-telecoms-afrique.com\/index.php\/wp-json\/wp\/v2\/media?parent=3"}],"curies":[{"name":"wp","href":"https:\/\/api.w.org\/{rel}","templated":true}]}}